{"id":500,"date":"2024-07-22T15:09:47","date_gmt":"2024-07-22T13:09:47","guid":{"rendered":"https:\/\/senzen.organicdesignlabs.com\/?page_id=500"},"modified":"2024-07-22T15:14:24","modified_gmt":"2024-07-22T13:14:24","slug":"nutzungsbedingungen","status":"publish","type":"page","link":"https:\/\/senndental.lu\/en\/nutzungsbedingungen\/","title":{"rendered":"Terms of Use"},"content":{"rendered":"<ol class=\"wp-block-list\">\n<li><strong>Geltungsbereich<\/strong>:\n<ul class=\"wp-block-list\">\n<li>Diese Bedingungen gelten f\u00fcr die Nutzung unserer Website.<\/li>\n<\/ul>\n<\/li>\n\n\n\n<li><strong>Dienstleistungen<\/strong>:\n<ul class=\"wp-block-list\">\n<li>Diese Website dient der Information \u00fcber unsere Praxis und unsere Dienstleistungen.<\/li>\n<\/ul>\n<\/li>\n\n\n\n<li><strong>Haftungsausschluss<\/strong>:\n<ul class=\"wp-block-list\">\n<li>Wir \u00fcbernehmen keine Haftung f\u00fcr die Richtigkeit und Vollst\u00e4ndigkeit der auf dieser Website bereitgestellten Informationen.<\/li>\n<\/ul>\n<\/li>\n\n\n\n<li><strong>\u00c4nderungen der Nutzungsbedingungen<\/strong>:\n<ul class=\"wp-block-list\">\n<li>Wir behalten uns das Recht vor, diese Bedingungen jederzeit zu \u00e4ndern.<\/li>\n<\/ul>\n<\/li>\n<\/ol>","protected":false},"excerpt":{"rendered":"","protected":false},"author":1,"featured_media":0,"parent":0,"menu_order":0,"comment_status":"closed","ping_status":"closed","template":"","meta":{"footnotes":""},"class_list":["post-500","page","type-page","status-publish","hentry"],"_links":{"self":[{"href":"https:\/\/senndental.lu\/en\/wp-json\/wp\/v2\/pages\/500","targetHints":{"allow":["GET"]}}],"collection":[{"href":"https:\/\/senndental.lu\/en\/wp-json\/wp\/v2\/pages"}],"about":[{"href":"https:\/\/senndental.lu\/en\/wp-json\/wp\/v2\/types\/page"}],"author":[{"embeddable":true,"href":"https:\/\/senndental.lu\/en\/wp-json\/wp\/v2\/users\/1"}],"replies":[{"embeddable":true,"href":"https:\/\/senndental.lu\/en\/wp-json\/wp\/v2\/comments?post=500"}],"version-history":[{"count":2,"href":"https:\/\/senndental.lu\/en\/wp-json\/wp\/v2\/pages\/500\/revisions"}],"predecessor-version":[{"id":510,"href":"https:\/\/senndental.lu\/en\/wp-json\/wp\/v2\/pages\/500\/revisions\/510"}],"wp:attachment":[{"href":"https:\/\/senndental.lu\/en\/wp-json\/wp\/v2\/media?parent=500"}],"curies":[{"name":"wp","href":"https:\/\/api.w.org\/{rel}","templated":true}]}}