{"id":486,"date":"2024-07-22T14:37:41","date_gmt":"2024-07-22T12:37:41","guid":{"rendered":"https:\/\/senzen.organicdesignlabs.com\/?page_id=486"},"modified":"2024-07-22T15:51:47","modified_gmt":"2024-07-22T13:51:47","slug":"datenschutzerklarung","status":"publish","type":"page","link":"https:\/\/senndental.lu\/de\/datenschutzerklarung\/","title":{"rendered":"Datenschutzerkl\u00e4rung"},"content":{"rendered":"<p>Wir nehmen den Schutz Ihrer pers\u00f6nlichen Daten sehr ernst. Diese Datenschutzerkl\u00e4rung informiert Sie dar\u00fcber, welche Daten wir erheben und wie wir sie verwenden.<\/p>\n\n\n\n<ol class=\"wp-block-list\">\n<li><strong>Welche Daten wir erheben<\/strong>:\n<ul class=\"wp-block-list\">\n<li>Anonyme Analysedaten: Wir sammeln statistische Daten, um unsere Website zu verbessern. Diese Daten sind anonym und k\u00f6nnen nicht auf einzelne Personen zur\u00fcckgef\u00fchrt werden.<\/li>\n\n\n\n<li>Keine weiteren pers\u00f6nlichen Daten werden erhoben.<\/li>\n<\/ul>\n<\/li>\n\n\n\n<li><strong>Wie wir Ihre Daten verwenden<\/strong>:\n<ul class=\"wp-block-list\">\n<li>Zur Verbesserung unserer Website: Die anonymen Daten helfen uns zu verstehen, wie unsere Website genutzt wird und wie wir sie besser gestalten k\u00f6nnen.<\/li>\n<\/ul>\n<\/li>\n\n\n\n<li><strong>Datenweitergabe an Dritte<\/strong>:\n<ul class=\"wp-block-list\">\n<li>Wir teilen Ihre Daten nicht mit Dritten.<\/li>\n<\/ul>\n<\/li>\n\n\n\n<li><strong>Ihre Rechte<\/strong>:\n<ul class=\"wp-block-list\">\n<li>Sie haben das Recht, Auskunft \u00fcber die von uns gespeicherten Daten zu erhalten.<\/li>\n\n\n\n<li>Sie k\u00f6nnen die L\u00f6schung Ihrer Daten verlangen, sofern dies technisch m\u00f6glich ist.<\/li>\n<\/ul>\n<\/li>\n<\/ol>\n\n\n\n<div style=\"height:50px\" aria-hidden=\"true\" class=\"wp-block-spacer\"><\/div>\n\n\n\n<p>Bei Fragen zum Datenschutz k\u00f6nnen Sie uns unter den unten angegebenen Kontaktdaten erreichen.<\/p>","protected":false},"excerpt":{"rendered":"<p>Wir nehmen den Schutz Ihrer pers\u00f6nlichen Daten sehr ernst. Diese Datenschutzerkl\u00e4rung informiert Sie dar\u00fcber, welche Daten wir erheben und wie wir sie verwenden. Bei Fragen zum Datenschutz k\u00f6nnen Sie uns unter den unten angegebenen Kontaktdaten erreichen.<\/p>","protected":false},"author":1,"featured_media":0,"parent":0,"menu_order":0,"comment_status":"closed","ping_status":"closed","template":"","meta":{"footnotes":""},"class_list":["post-486","page","type-page","status-publish","hentry"],"_links":{"self":[{"href":"https:\/\/senndental.lu\/de\/wp-json\/wp\/v2\/pages\/486","targetHints":{"allow":["GET"]}}],"collection":[{"href":"https:\/\/senndental.lu\/de\/wp-json\/wp\/v2\/pages"}],"about":[{"href":"https:\/\/senndental.lu\/de\/wp-json\/wp\/v2\/types\/page"}],"author":[{"embeddable":true,"href":"https:\/\/senndental.lu\/de\/wp-json\/wp\/v2\/users\/1"}],"replies":[{"embeddable":true,"href":"https:\/\/senndental.lu\/de\/wp-json\/wp\/v2\/comments?post=486"}],"version-history":[{"count":4,"href":"https:\/\/senndental.lu\/de\/wp-json\/wp\/v2\/pages\/486\/revisions"}],"predecessor-version":[{"id":528,"href":"https:\/\/senndental.lu\/de\/wp-json\/wp\/v2\/pages\/486\/revisions\/528"}],"wp:attachment":[{"href":"https:\/\/senndental.lu\/de\/wp-json\/wp\/v2\/media?parent=486"}],"curies":[{"name":"wp","href":"https:\/\/api.w.org\/{rel}","templated":true}]}}